{"id":4044,"date":"2023-10-17T14:18:19","date_gmt":"2023-10-17T14:18:19","guid":{"rendered":"https:\/\/exclusiveswisswatches.hu\/termek\/rolex-sky-dweller-jubilee-blue-dial\/"},"modified":"2023-10-19T15:55:54","modified_gmt":"2023-10-19T15:55:54","slug":"rolex-sky-dweller-jubilee-blue-dial","status":"publish","type":"product","link":"https:\/\/exclusiveswisswatches.hu\/en\/termek\/rolex-sky-dweller-jubilee-blue-dial\/","title":{"rendered":"ROLEX SKY-DWELLER JUBILEE BLUE DIAL"},"content":{"rendered":"<p>Rolex is a leading Swiss luxury watch brand, founded in Geneva in 1905. The company was founded by Hans Wilsdorf and Alfred Davis. Rolex is one of the best-known and most respected watchmakers in the world, known for its high-quality, reliable watches and timekeeping accuracy.<\/p>\n<p>Rolex watches are characterised by exceptional precision, durability and style. The watches feature unique mechanical movements created by Rolex&#8217;s in-house developed and manufactured movements. The company is renowned for its rigorous quality control and excellent craftsmanship, resulting in every watch that delivers perfect performance and durability.<\/p>\n<p>Rolex watches are available in various collections, including the iconic Submariner, Datejust, Daytona, GMT-Master, and Day-Date models. The brand is committed to innovation and technology, constantly improving and modernising its products while remaining true to tradition and original design.<\/p>\n<p>Rolex is a brand that is appreciated by lovers of luxury, elegance and premium quality, and its watches represent a special status and prestige in the world.<\/p>\n","protected":false},"excerpt":{"rendered":"<p>326934<\/p>\n","protected":false},"featured_media":4016,"comment_status":"closed","ping_status":"closed","template":"","meta":[],"product_brand":[],"product_cat":[270,274],"product_tag":[],"class_list":{"0":"post-4044","1":"product","2":"type-product","3":"status-publish","4":"has-post-thumbnail","6":"product_cat-male","7":"product_cat-to-order","8":"pa_gyarto-rolex-en","9":"pa_jarastartalek-70h-en","10":"pa_szamlap-szine-blue","11":"pa_szerkezet-automata-en-2","12":"pa_szij-anyaga-steel","13":"pa_szij-szine-steel","14":"pa_tok-anyaga-steel","15":"pa_tok-merete-42mm-en","16":"pa_vizallosag-100m-en","18":"first","19":"instock","20":"shipping-taxable","21":"product-type-simple"},"yoast_head":"<!-- This site is optimized with the Yoast SEO Premium plugin v27.4 (Yoast SEO v27.4) - https:\/\/yoast.com\/product\/yoast-seo-premium-wordpress\/ -->\n<title>ROLEX SKY-DWELLER JUBILEE BLUE DIAL - Exclusive Swiss Watches<\/title>\n<meta name=\"description\" content=\"ROLEX SKY-DWELLER JUBILEE BLUE DIAL - Exclusive Swiss Watches\" \/>\n<meta name=\"robots\" content=\"index, follow, max-snippet:-1, max-image-preview:large, max-video-preview:-1\" \/>\n<link rel=\"canonical\" href=\"https:\/\/exclusiveswisswatches.hu\/en\/termek\/rolex-sky-dweller-jubilee-blue-dial\/\" \/>\n<meta property=\"og:locale\" content=\"en_US\" \/>\n<meta property=\"og:type\" content=\"article\" \/>\n<meta property=\"og:title\" content=\"ROLEX SKY-DWELLER JUBILEE BLUE DIAL\" \/>\n<meta property=\"og:description\" content=\"ROLEX SKY-DWELLER JUBILEE BLUE DIAL - Exclusive Swiss Watches\" \/>\n<meta property=\"og:url\" content=\"https:\/\/exclusiveswisswatches.hu\/en\/termek\/rolex-sky-dweller-jubilee-blue-dial\/\" \/>\n<meta property=\"og:site_name\" content=\"Exclusive Swiss Watches\" \/>\n<meta property=\"article:publisher\" content=\"https:\/\/www.facebook.com\/exclusiveswisswatches\" \/>\n<meta property=\"article:modified_time\" content=\"2023-10-19T15:55:54+00:00\" \/>\n<meta property=\"og:image\" content=\"https:\/\/exclusiveswisswatches.hu\/wp-content\/uploads\/2023\/10\/23_WebReady.webp\" \/>\n\t<meta property=\"og:image:width\" content=\"1034\" \/>\n\t<meta property=\"og:image:height\" content=\"1018\" \/>\n\t<meta property=\"og:image:type\" content=\"image\/webp\" \/>\n<meta name=\"twitter:card\" content=\"summary_large_image\" \/>\n<meta name=\"twitter:label1\" content=\"Est. reading time\" \/>\n\t<meta name=\"twitter:data1\" content=\"1 minute\" \/>\n<script type=\"application\/ld+json\" class=\"yoast-schema-graph\">{\"@context\":\"https:\\\/\\\/schema.org\",\"@graph\":[{\"@type\":[\"WebPage\",\"CollectionPage\"],\"@id\":\"https:\\\/\\\/exclusiveswisswatches.hu\\\/en\\\/termek\\\/rolex-sky-dweller-jubilee-blue-dial\\\/\",\"url\":\"https:\\\/\\\/exclusiveswisswatches.hu\\\/en\\\/termek\\\/rolex-sky-dweller-jubilee-blue-dial\\\/\",\"name\":\"ROLEX SKY-DWELLER JUBILEE BLUE DIAL - Exclusive Swiss Watches\",\"isPartOf\":{\"@id\":\"https:\\\/\\\/exclusiveswisswatches.hu\\\/en\\\/#website\"},\"primaryImageOfPage\":{\"@id\":\"https:\\\/\\\/exclusiveswisswatches.hu\\\/en\\\/termek\\\/rolex-sky-dweller-jubilee-blue-dial\\\/#primaryimage\"},\"image\":{\"@id\":\"https:\\\/\\\/exclusiveswisswatches.hu\\\/en\\\/termek\\\/rolex-sky-dweller-jubilee-blue-dial\\\/#primaryimage\"},\"thumbnailUrl\":\"https:\\\/\\\/exclusiveswisswatches.hu\\\/wp-content\\\/uploads\\\/2023\\\/10\\\/23_WebReady.webp\",\"datePublished\":\"2023-10-17T14:18:19+00:00\",\"dateModified\":\"2023-10-19T15:55:54+00:00\",\"description\":\"ROLEX SKY-DWELLER JUBILEE BLUE DIAL - Exclusive Swiss Watches\",\"breadcrumb\":{\"@id\":\"https:\\\/\\\/exclusiveswisswatches.hu\\\/en\\\/termek\\\/rolex-sky-dweller-jubilee-blue-dial\\\/#breadcrumb\"},\"inLanguage\":\"en-US\"},{\"@type\":\"ImageObject\",\"inLanguage\":\"en-US\",\"@id\":\"https:\\\/\\\/exclusiveswisswatches.hu\\\/en\\\/termek\\\/rolex-sky-dweller-jubilee-blue-dial\\\/#primaryimage\",\"url\":\"https:\\\/\\\/exclusiveswisswatches.hu\\\/wp-content\\\/uploads\\\/2023\\\/10\\\/23_WebReady.webp\",\"contentUrl\":\"https:\\\/\\\/exclusiveswisswatches.hu\\\/wp-content\\\/uploads\\\/2023\\\/10\\\/23_WebReady.webp\",\"width\":1034,\"height\":1018,\"caption\":\"A t\u00f6k\u00e9letes Rolex \u00f3rja! \u00daj \u00e9s haszn\u00e1lt Rolexek megb\u00edzhat\u00f3 forr\u00e1sb\u00f3l. Sv\u00e1jci \u00f3r\u00e1k kifog\u00e1stalan min\u0151s\u00e9gben, kedvez\u0151 \u00e1ron.\"},{\"@type\":\"BreadcrumbList\",\"@id\":\"https:\\\/\\\/exclusiveswisswatches.hu\\\/en\\\/termek\\\/rolex-sky-dweller-jubilee-blue-dial\\\/#breadcrumb\",\"itemListElement\":[{\"@type\":\"ListItem\",\"position\":1,\"name\":\"Kezd\u0151lap\",\"item\":\"https:\\\/\\\/exclusiveswisswatches.hu\\\/en\\\/home\\\/\"},{\"@type\":\"ListItem\",\"position\":2,\"name\":\"Shop\",\"item\":\"https:\\\/\\\/exclusiveswisswatches.hu\\\/en\\\/shop\\\/\"},{\"@type\":\"ListItem\",\"position\":3,\"name\":\"ROLEX SKY-DWELLER JUBILEE BLUE DIAL\"}]},{\"@type\":\"WebSite\",\"@id\":\"https:\\\/\\\/exclusiveswisswatches.hu\\\/en\\\/#website\",\"url\":\"https:\\\/\\\/exclusiveswisswatches.hu\\\/en\\\/\",\"name\":\"Exclusive Swiss Watches\",\"description\":\"Luxury watches\",\"publisher\":{\"@id\":\"https:\\\/\\\/exclusiveswisswatches.hu\\\/en\\\/#organization\"},\"potentialAction\":[{\"@type\":\"SearchAction\",\"target\":{\"@type\":\"EntryPoint\",\"urlTemplate\":\"https:\\\/\\\/exclusiveswisswatches.hu\\\/en\\\/?s={search_term_string}\"},\"query-input\":{\"@type\":\"PropertyValueSpecification\",\"valueRequired\":true,\"valueName\":\"search_term_string\"}}],\"inLanguage\":\"en-US\"},{\"@type\":\"Organization\",\"@id\":\"https:\\\/\\\/exclusiveswisswatches.hu\\\/en\\\/#organization\",\"name\":\"Exclusive Swiss Watches\",\"url\":\"https:\\\/\\\/exclusiveswisswatches.hu\\\/en\\\/\",\"logo\":{\"@type\":\"ImageObject\",\"inLanguage\":\"en-US\",\"@id\":\"https:\\\/\\\/exclusiveswisswatches.hu\\\/en\\\/#\\\/schema\\\/logo\\\/image\\\/\",\"url\":\"https:\\\/\\\/exclusiveswisswatches.hu\\\/wp-content\\\/uploads\\\/2023\\\/08\\\/Fav-Logo.webp\",\"contentUrl\":\"https:\\\/\\\/exclusiveswisswatches.hu\\\/wp-content\\\/uploads\\\/2023\\\/08\\\/Fav-Logo.webp\",\"width\":963,\"height\":942,\"caption\":\"Exclusive Swiss Watches\"},\"image\":{\"@id\":\"https:\\\/\\\/exclusiveswisswatches.hu\\\/en\\\/#\\\/schema\\\/logo\\\/image\\\/\"},\"sameAs\":[\"https:\\\/\\\/www.facebook.com\\\/exclusiveswisswatches\",\"https:\\\/\\\/www.instagram.com\\\/exclusiveswisswatches\\\/\"]}]}<\/script>\n<!-- \/ Yoast SEO Premium plugin. -->","yoast_head_json":{"title":"ROLEX SKY-DWELLER JUBILEE BLUE DIAL - Exclusive Swiss Watches","description":"ROLEX SKY-DWELLER JUBILEE BLUE DIAL - Exclusive Swiss Watches","robots":{"index":"index","follow":"follow","max-snippet":"max-snippet:-1","max-image-preview":"max-image-preview:large","max-video-preview":"max-video-preview:-1"},"canonical":"https:\/\/exclusiveswisswatches.hu\/en\/termek\/rolex-sky-dweller-jubilee-blue-dial\/","og_locale":"en_US","og_type":"article","og_title":"ROLEX SKY-DWELLER JUBILEE BLUE DIAL","og_description":"ROLEX SKY-DWELLER JUBILEE BLUE DIAL - Exclusive Swiss Watches","og_url":"https:\/\/exclusiveswisswatches.hu\/en\/termek\/rolex-sky-dweller-jubilee-blue-dial\/","og_site_name":"Exclusive Swiss Watches","article_publisher":"https:\/\/www.facebook.com\/exclusiveswisswatches","article_modified_time":"2023-10-19T15:55:54+00:00","og_image":[{"width":1034,"height":1018,"url":"https:\/\/exclusiveswisswatches.hu\/wp-content\/uploads\/2023\/10\/23_WebReady.webp","type":"image\/webp"}],"twitter_card":"summary_large_image","twitter_misc":{"Est. reading time":"1 minute"},"schema":{"@context":"https:\/\/schema.org","@graph":[{"@type":["WebPage","CollectionPage"],"@id":"https:\/\/exclusiveswisswatches.hu\/en\/termek\/rolex-sky-dweller-jubilee-blue-dial\/","url":"https:\/\/exclusiveswisswatches.hu\/en\/termek\/rolex-sky-dweller-jubilee-blue-dial\/","name":"ROLEX SKY-DWELLER JUBILEE BLUE DIAL - Exclusive Swiss Watches","isPartOf":{"@id":"https:\/\/exclusiveswisswatches.hu\/en\/#website"},"primaryImageOfPage":{"@id":"https:\/\/exclusiveswisswatches.hu\/en\/termek\/rolex-sky-dweller-jubilee-blue-dial\/#primaryimage"},"image":{"@id":"https:\/\/exclusiveswisswatches.hu\/en\/termek\/rolex-sky-dweller-jubilee-blue-dial\/#primaryimage"},"thumbnailUrl":"https:\/\/exclusiveswisswatches.hu\/wp-content\/uploads\/2023\/10\/23_WebReady.webp","datePublished":"2023-10-17T14:18:19+00:00","dateModified":"2023-10-19T15:55:54+00:00","description":"ROLEX SKY-DWELLER JUBILEE BLUE DIAL - Exclusive Swiss Watches","breadcrumb":{"@id":"https:\/\/exclusiveswisswatches.hu\/en\/termek\/rolex-sky-dweller-jubilee-blue-dial\/#breadcrumb"},"inLanguage":"en-US"},{"@type":"ImageObject","inLanguage":"en-US","@id":"https:\/\/exclusiveswisswatches.hu\/en\/termek\/rolex-sky-dweller-jubilee-blue-dial\/#primaryimage","url":"https:\/\/exclusiveswisswatches.hu\/wp-content\/uploads\/2023\/10\/23_WebReady.webp","contentUrl":"https:\/\/exclusiveswisswatches.hu\/wp-content\/uploads\/2023\/10\/23_WebReady.webp","width":1034,"height":1018,"caption":"A t\u00f6k\u00e9letes Rolex \u00f3rja! \u00daj \u00e9s haszn\u00e1lt Rolexek megb\u00edzhat\u00f3 forr\u00e1sb\u00f3l. Sv\u00e1jci \u00f3r\u00e1k kifog\u00e1stalan min\u0151s\u00e9gben, kedvez\u0151 \u00e1ron."},{"@type":"BreadcrumbList","@id":"https:\/\/exclusiveswisswatches.hu\/en\/termek\/rolex-sky-dweller-jubilee-blue-dial\/#breadcrumb","itemListElement":[{"@type":"ListItem","position":1,"name":"Kezd\u0151lap","item":"https:\/\/exclusiveswisswatches.hu\/en\/home\/"},{"@type":"ListItem","position":2,"name":"Shop","item":"https:\/\/exclusiveswisswatches.hu\/en\/shop\/"},{"@type":"ListItem","position":3,"name":"ROLEX SKY-DWELLER JUBILEE BLUE DIAL"}]},{"@type":"WebSite","@id":"https:\/\/exclusiveswisswatches.hu\/en\/#website","url":"https:\/\/exclusiveswisswatches.hu\/en\/","name":"Exclusive Swiss Watches","description":"Luxury watches","publisher":{"@id":"https:\/\/exclusiveswisswatches.hu\/en\/#organization"},"potentialAction":[{"@type":"SearchAction","target":{"@type":"EntryPoint","urlTemplate":"https:\/\/exclusiveswisswatches.hu\/en\/?s={search_term_string}"},"query-input":{"@type":"PropertyValueSpecification","valueRequired":true,"valueName":"search_term_string"}}],"inLanguage":"en-US"},{"@type":"Organization","@id":"https:\/\/exclusiveswisswatches.hu\/en\/#organization","name":"Exclusive Swiss Watches","url":"https:\/\/exclusiveswisswatches.hu\/en\/","logo":{"@type":"ImageObject","inLanguage":"en-US","@id":"https:\/\/exclusiveswisswatches.hu\/en\/#\/schema\/logo\/image\/","url":"https:\/\/exclusiveswisswatches.hu\/wp-content\/uploads\/2023\/08\/Fav-Logo.webp","contentUrl":"https:\/\/exclusiveswisswatches.hu\/wp-content\/uploads\/2023\/08\/Fav-Logo.webp","width":963,"height":942,"caption":"Exclusive Swiss Watches"},"image":{"@id":"https:\/\/exclusiveswisswatches.hu\/en\/#\/schema\/logo\/image\/"},"sameAs":["https:\/\/www.facebook.com\/exclusiveswisswatches","https:\/\/www.instagram.com\/exclusiveswisswatches\/"]}]}},"_links":{"self":[{"href":"https:\/\/exclusiveswisswatches.hu\/en\/wp-json\/wp\/v2\/product\/4044","targetHints":{"allow":["GET"]}}],"collection":[{"href":"https:\/\/exclusiveswisswatches.hu\/en\/wp-json\/wp\/v2\/product"}],"about":[{"href":"https:\/\/exclusiveswisswatches.hu\/en\/wp-json\/wp\/v2\/types\/product"}],"replies":[{"embeddable":true,"href":"https:\/\/exclusiveswisswatches.hu\/en\/wp-json\/wp\/v2\/comments?post=4044"}],"wp:featuredmedia":[{"embeddable":true,"href":"https:\/\/exclusiveswisswatches.hu\/en\/wp-json\/wp\/v2\/media\/4016"}],"wp:attachment":[{"href":"https:\/\/exclusiveswisswatches.hu\/en\/wp-json\/wp\/v2\/media?parent=4044"}],"wp:term":[{"taxonomy":"product_brand","embeddable":true,"href":"https:\/\/exclusiveswisswatches.hu\/en\/wp-json\/wp\/v2\/product_brand?post=4044"},{"taxonomy":"product_cat","embeddable":true,"href":"https:\/\/exclusiveswisswatches.hu\/en\/wp-json\/wp\/v2\/product_cat?post=4044"},{"taxonomy":"product_tag","embeddable":true,"href":"https:\/\/exclusiveswisswatches.hu\/en\/wp-json\/wp\/v2\/product_tag?post=4044"}],"curies":[{"name":"wp","href":"https:\/\/api.w.org\/{rel}","templated":true}]}}