{"id":5364,"date":"2025-12-03T09:46:09","date_gmt":"2025-12-03T09:46:09","guid":{"rendered":"https:\/\/exclusiveswisswatches.hu\/cartier\/"},"modified":"2025-12-03T10:11:41","modified_gmt":"2025-12-03T10:11:41","slug":"cartier","status":"publish","type":"page","link":"https:\/\/exclusiveswisswatches.hu\/en\/cartier\/","title":{"rendered":"Cartier"},"content":{"rendered":"<p class=\"attachment\"><a href='https:\/\/exclusiveswisswatches.hu\/wp-content\/uploads\/2025\/02\/cartier-panthere-small.png'><img fetchpriority=\"high\" decoding=\"async\" width=\"300\" height=\"300\" src=\"https:\/\/exclusiveswisswatches.hu\/wp-content\/uploads\/2025\/02\/cartier-panthere-small-300x300.png\" class=\"attachment-medium size-medium\" alt=\"Eredeti Cartier f\u00e9rfi \u00e9s n\u0151i luxus\u00f3r\u00e1k k\u00edn\u00e1lata az Exclusive Swiss Watches budapesti \u00fczlet\u00e9ben\" srcset=\"https:\/\/exclusiveswisswatches.hu\/wp-content\/uploads\/2025\/02\/cartier-panthere-small-300x300.png 300w, https:\/\/exclusiveswisswatches.hu\/wp-content\/uploads\/2025\/02\/cartier-panthere-small-150x150.png 150w, https:\/\/exclusiveswisswatches.hu\/wp-content\/uploads\/2025\/02\/cartier-panthere-small-768x768.png 768w, https:\/\/exclusiveswisswatches.hu\/wp-content\/uploads\/2025\/02\/cartier-panthere-small-100x100.png 100w, https:\/\/exclusiveswisswatches.hu\/wp-content\/uploads\/2025\/02\/cartier-panthere-small.png 1000w\" sizes=\"(max-width: 300px) 100vw, 300px\" \/><\/a><\/p>\n\t\t<div data-elementor-type=\"wp-page\" data-elementor-id=\"5364\" class=\"elementor elementor-5364 elementor-5335\" data-elementor-post-type=\"page\">\n\t\t\t\t<div class=\"elementor-element elementor-element-6ff51467 animated-slow e-flex e-con-boxed elementor-invisible e-con e-parent\" data-id=\"6ff51467\" data-element_type=\"container\" data-e-type=\"container\" data-settings=\"{&quot;background_background&quot;:&quot;classic&quot;,&quot;animation&quot;:&quot;fadeIn&quot;,&quot;jet_parallax_layout_list&quot;:[]}\">\n\t\t\t\t\t<div class=\"e-con-inner\">\n\t\t<div class=\"elementor-element elementor-element-6f2595f8 animated-slow e-flex e-con-boxed elementor-invisible e-con e-child\" data-id=\"6f2595f8\" data-element_type=\"container\" data-e-type=\"container\" data-settings=\"{&quot;animation&quot;:&quot;fadeIn&quot;,&quot;jet_parallax_layout_list&quot;:[]}\">\n\t\t\t\t\t<div class=\"e-con-inner\">\n\t\t\t\t<div class=\"elementor-element elementor-element-43cc23b1 elementor-hidden-tablet elementor-hidden-mobile elementor-widget-divider--view-line elementor-widget elementor-widget-divider\" data-id=\"43cc23b1\" data-element_type=\"widget\" data-e-type=\"widget\" data-widget_type=\"divider.default\">\n\t\t\t\t<div class=\"elementor-widget-container\">\n\t\t\t\t\t\t\t<div class=\"elementor-divider\">\n\t\t\t<span class=\"elementor-divider-separator\">\n\t\t\t\t\t\t<\/span>\n\t\t<\/div>\n\t\t\t\t\t\t<\/div>\n\t\t\t\t<\/div>\n\t\t\t\t<div class=\"elementor-element elementor-element-f31db19 elementor-hidden-tablet elementor-hidden-mobile elementor-widget elementor-widget-heading\" data-id=\"f31db19\" data-element_type=\"widget\" data-e-type=\"widget\" data-widget_type=\"heading.default\">\n\t\t\t\t<div class=\"elementor-widget-container\">\n\t\t\t\t\t<h2 class=\"elementor-heading-title elementor-size-default\">Exclusive swiss watches<\/h2>\t\t\t\t<\/div>\n\t\t\t\t<\/div>\n\t\t\t\t\t<\/div>\n\t\t\t\t<\/div>\n\t\t\t\t\t<\/div>\n\t\t\t\t<\/div>\n\t\t<div class=\"elementor-element elementor-element-34925ddf e-flex e-con-boxed e-con e-parent\" data-id=\"34925ddf\" data-element_type=\"container\" data-e-type=\"container\" data-settings=\"{&quot;jet_parallax_layout_list&quot;:[]}\">\n\t\t\t\t\t<div class=\"e-con-inner\">\n\t\t\t\t<div class=\"elementor-element elementor-element-5984cfc5 elementor-widget elementor-widget-wpgb-facet\" data-id=\"5984cfc5\" data-element_type=\"widget\" data-e-type=\"widget\" data-widget_type=\"wpgb-facet.default\">\n\t\t\t\t<div class=\"elementor-widget-container\">\n\t\t\t\t\t<div class=\"wpgb-facet wpgb-loading wpgb-facet-15 wpgb-style-1\" data-facet=\"15\" data-grid=\"38\"><\/div>\t\t\t\t<\/div>\n\t\t\t\t<\/div>\n\t\t\t\t<div class=\"elementor-element elementor-element-34714f21 elementor-widget elementor-widget-wpgb-facet\" data-id=\"34714f21\" data-element_type=\"widget\" data-e-type=\"widget\" data-widget_type=\"wpgb-facet.default\">\n\t\t\t\t<div class=\"elementor-widget-container\">\n\t\t\t\t\t<div class=\"wpgb-facet wpgb-loading wpgb-facet-6 wpgb-style-1\" data-facet=\"6\" data-grid=\"42\"><span class=\"wpgb-result-count\">found 1<\/span><\/div>\t\t\t\t<\/div>\n\t\t\t\t<\/div>\n\t\t\t\t\t<\/div>\n\t\t\t\t<\/div>\n\t\t<div class=\"elementor-element elementor-element-785f7bdb e-flex e-con-boxed e-con e-parent\" data-id=\"785f7bdb\" data-element_type=\"container\" data-e-type=\"container\" data-settings=\"{&quot;jet_parallax_layout_list&quot;:[]}\">\n\t\t\t\t\t<div class=\"e-con-inner\">\n\t\t\t\t<div class=\"elementor-element elementor-element-51f38226 elementor-widget__width-inherit elementor-widget elementor-widget-wpgb-facet\" data-id=\"51f38226\" data-element_type=\"widget\" data-e-type=\"widget\" data-widget_type=\"wpgb-facet.default\">\n\t\t\t\t<div class=\"elementor-widget-container\">\n\t\t\t\t\t<div class=\"wpgb-facet wpgb-loading wpgb-facet-10 wpgb-style-1\" data-facet=\"10\" data-grid=\"42\">\t<h4 class=\"wpgb-facet-title\">Case Material<\/h4>\n\t\t<fieldset>\n\t\t<legend class=\"wpgb-facet-title wpgb-sr-only\">Case Material<\/legend>\n\t\t<div class=\"wpgb-select-facet\"><label><span class=\"wpgb-sr-only\">Case Material<\/span><select class=\"wpgb-select\" name=\"toka_anyaga\"><option value=\"\">Case Material<\/option><option value=\"steel\">Steel&nbsp;(1)<\/option><\/select><span class=\"wpgb-select-controls\"><span class=\"wpgb-select-separator\"><\/span><svg class=\"wpgb-select-toggle\" viewBox=\"0 0 24 24\" height=\"24\" width=\"24\" aria-hidden=\"true\" focusable=\"false\"><path d=\"m12 14.536-.045.043.045-.043-5.3-5.114 5.3 5.114 5.3-5.114-5.3 5.114.045.043Z\"\/><\/svg><\/span><\/label><\/div>\t<\/fieldset>\n\t<\/div>\t\t\t\t<\/div>\n\t\t\t\t<\/div>\n\t\t\t\t<div class=\"elementor-element elementor-element-54d167d1 elementor-widget__width-inherit elementor-widget elementor-widget-wpgb-facet\" data-id=\"54d167d1\" data-element_type=\"widget\" data-e-type=\"widget\" data-widget_type=\"wpgb-facet.default\">\n\t\t\t\t<div class=\"elementor-widget-container\">\n\t\t\t\t\t<div class=\"wpgb-facet wpgb-loading wpgb-facet-1 wpgb-style-1\" data-facet=\"1\" data-grid=\"42\">\t<h4 class=\"wpgb-facet-title\">Dial Color<\/h4>\n\t\t<fieldset>\n\t\t<legend class=\"wpgb-facet-title wpgb-sr-only\">Dial Color<\/legend>\n\t\t<div class=\"wpgb-select-facet\"><label><span class=\"wpgb-sr-only\">Dial Color<\/span><select class=\"wpgb-select\" name=\"szamlap_szine\"><option value=\"\">Dial Color<\/option><option value=\"white-blue\">White Blue&nbsp;(1)<\/option><\/select><span class=\"wpgb-select-controls\"><span class=\"wpgb-select-separator\"><\/span><svg class=\"wpgb-select-toggle\" viewBox=\"0 0 24 24\" height=\"24\" width=\"24\" aria-hidden=\"true\" focusable=\"false\"><path d=\"m12 14.536-.045.043.045-.043-5.3-5.114 5.3 5.114 5.3-5.114-5.3 5.114.045.043Z\"\/><\/svg><\/span><\/label><\/div>\t<\/fieldset>\n\t<\/div>\t\t\t\t<\/div>\n\t\t\t\t<\/div>\n\t\t\t\t<div class=\"elementor-element elementor-element-21261249 elementor-widget__width-inherit elementor-widget elementor-widget-wpgb-facet\" data-id=\"21261249\" data-element_type=\"widget\" data-e-type=\"widget\" data-widget_type=\"wpgb-facet.default\">\n\t\t\t\t<div class=\"elementor-widget-container\">\n\t\t\t\t\t<div class=\"wpgb-facet wpgb-loading wpgb-facet-12 wpgb-style-1\" data-facet=\"12\" data-grid=\"42\">\t<h4 class=\"wpgb-facet-title\">Dial Color<\/h4>\n\t\t<fieldset>\n\t\t<legend class=\"wpgb-facet-title wpgb-sr-only\">Dial Color<\/legend>\n\t\t<div class=\"wpgb-select-facet\"><label><span class=\"wpgb-sr-only\">Dial Color<\/span><select class=\"wpgb-select\" name=\"szij_szine\"><option value=\"\">Dial Color<\/option><option value=\"steel\">Steel&nbsp;(1)<\/option><\/select><span class=\"wpgb-select-controls\"><span class=\"wpgb-select-separator\"><\/span><svg class=\"wpgb-select-toggle\" viewBox=\"0 0 24 24\" height=\"24\" width=\"24\" aria-hidden=\"true\" focusable=\"false\"><path d=\"m12 14.536-.045.043.045-.043-5.3-5.114 5.3 5.114 5.3-5.114-5.3 5.114.045.043Z\"\/><\/svg><\/span><\/label><\/div>\t<\/fieldset>\n\t<\/div>\t\t\t\t<\/div>\n\t\t\t\t<\/div>\n\t\t\t\t<div class=\"elementor-element elementor-element-24176b27 elementor-widget__width-inherit elementor-widget elementor-widget-wpgb-facet\" data-id=\"24176b27\" data-element_type=\"widget\" data-e-type=\"widget\" data-widget_type=\"wpgb-facet.default\">\n\t\t\t\t<div class=\"elementor-widget-container\">\n\t\t\t\t\t<div class=\"wpgb-facet wpgb-loading wpgb-facet-9 wpgb-style-1\" data-facet=\"9\" data-grid=\"42\">\t<h4 class=\"wpgb-facet-title\">Strap Material<\/h4>\n\t\t<fieldset>\n\t\t<legend class=\"wpgb-facet-title wpgb-sr-only\">Strap Material<\/legend>\n\t\t<div class=\"wpgb-select-facet\"><label><span class=\"wpgb-sr-only\">Strap Material<\/span><select class=\"wpgb-select\" name=\"szij_anyaga\"><option value=\"\">Strap Material<\/option><option value=\"steel\">Steel&nbsp;(1)<\/option><\/select><span class=\"wpgb-select-controls\"><span class=\"wpgb-select-separator\"><\/span><svg class=\"wpgb-select-toggle\" viewBox=\"0 0 24 24\" height=\"24\" width=\"24\" aria-hidden=\"true\" focusable=\"false\"><path d=\"m12 14.536-.045.043.045-.043-5.3-5.114 5.3 5.114 5.3-5.114-5.3 5.114.045.043Z\"\/><\/svg><\/span><\/label><\/div>\t<\/fieldset>\n\t<\/div>\t\t\t\t<\/div>\n\t\t\t\t<\/div>\n\t\t\t\t\t<\/div>\n\t\t\t\t<\/div>\n\t\t<div class=\"elementor-element elementor-element-e4bd016 e-flex e-con-boxed e-con e-parent\" data-id=\"e4bd016\" data-element_type=\"container\" data-e-type=\"container\" data-settings=\"{&quot;jet_parallax_layout_list&quot;:[]}\">\n\t\t\t\t\t<div class=\"e-con-inner\">\n\t\t\t\t<div class=\"elementor-element elementor-element-7b27970 elementor-widget elementor-widget-wpgb-grid\" data-id=\"7b27970\" data-element_type=\"widget\" data-e-type=\"widget\" data-widget_type=\"wpgb-grid.default\">\n\t\t\t\t<div class=\"elementor-widget-container\">\n\t\t\t\t\t<!-- Gridbuilder \u1d42\u1d3e Plugin (https:\/\/wpgridbuilder.com) -->\n<div class=\"wp-grid-builder wpgb-grid-42\" data-options=\"{&quot;id&quot;:42,&quot;type&quot;:&quot;masonry&quot;,&quot;source&quot;:&quot;post_type&quot;,&quot;loader&quot;:true,&quot;layout&quot;:&quot;vertical&quot;,&quot;reveal&quot;:1,&quot;isMainQuery&quot;:false,&quot;lazyLoad&quot;:true,&quot;cardSizes&quot;:{&quot;9999&quot;:{&quot;columns&quot;:3,&quot;height&quot;:240,&quot;gutter&quot;:25,&quot;ratio&quot;:&quot;1.33333&quot;},&quot;1340&quot;:{&quot;columns&quot;:3,&quot;height&quot;:240,&quot;gutter&quot;:25,&quot;ratio&quot;:&quot;1.33333&quot;},&quot;1140&quot;:{&quot;columns&quot;:3,&quot;height&quot;:220,&quot;gutter&quot;:25,&quot;ratio&quot;:&quot;1.33333&quot;},&quot;768&quot;:{&quot;columns&quot;:2,&quot;height&quot;:220,&quot;gutter&quot;:25,&quot;ratio&quot;:&quot;1.33333&quot;},&quot;576&quot;:{&quot;columns&quot;:2,&quot;height&quot;:200,&quot;gutter&quot;:5,&quot;ratio&quot;:&quot;1.33333&quot;},&quot;1&quot;:{&quot;columns&quot;:2,&quot;height&quot;:200,&quot;gutter&quot;:5,&quot;ratio&quot;:&quot;1.33333&quot;}},&quot;fitRows&quot;:false,&quot;equalRows&quot;:0,&quot;equalColumns&quot;:true,&quot;fillLastRow&quot;:0,&quot;centerLastRow&quot;:0,&quot;horizontalOrder&quot;:true,&quot;fullWidth&quot;:false,&quot;transitionDelay&quot;:60,&quot;gallerySlideshow&quot;:false,&quot;rowsNumber&quot;:1,&quot;slideAlign&quot;:&quot;left&quot;,&quot;groupCells&quot;:1,&quot;draggable&quot;:true,&quot;initialIndex&quot;:0,&quot;contain&quot;:false,&quot;freeScroll&quot;:false,&quot;freeFriction&quot;:&quot;0.075&quot;,&quot;friction&quot;:&quot;0.285&quot;,&quot;attraction&quot;:&quot;0.025&quot;,&quot;autoPlay&quot;:0,&quot;pageDotAriaLabel&quot;:&quot;Page dot %d&quot;,&quot;isPreview&quot;:false,&quot;isGutenberg&quot;:false,&quot;rightToLeft&quot;:false}\"><div class=\"wpgb-svg-icons\" hidden>\n\t<svg viewBox=\"0 0 120 24\" width=\"0\" height=\"0\">\n\t<defs>\n        <polygon id=\"wpgb-star-svg\" points=\"12 2.5 15.1 8.8 22 9.8 17 14.6 18.2 21.5 12 18.3 5.8 21.5 7 14.6 2 9.8 8.9 8.8\"><\/polygon>\n    <\/defs>\n    <symbol id=\"wpgb-rating-stars-svg\">\n        <use xlink:href=\"#wpgb-star-svg\"><\/use>\n        <use xlink:href=\"#wpgb-star-svg\" x=\"24\"><\/use>\n        <use xlink:href=\"#wpgb-star-svg\" x=\"48\"><\/use>\n        <use xlink:href=\"#wpgb-star-svg\" x=\"72\"><\/use>\n        <use xlink:href=\"#wpgb-star-svg\" x=\"96\"><\/use>\n    <\/symbol>\n<\/svg>\n<\/div>\n<div class=\"wpgb-wrapper\">\n\t<div class=\"wpgb-main\">\n\t<div class=\"wpgb-layout\">\n\t<div class=\"wpgb-viewport\">\n\t\t<div class=\"wpgb-masonry\">\n\t\t\t<article class=\"wpgb-card wpgb-card-21 wpgb-post-5044 wpgb-card-hidden\" data-col=\"1\" data-row=\"1\" data-format=\"standard\"><div class=\"wpgb-card-wrapper\"><div class=\"wpgb-card-inner\"><div class=\"wpgb-card-content wpgb-scheme-dark\"><div class=\"wpgb-card-body\"><a class=\"wpgb-block-4\" href=\"https:\/\/exclusiveswisswatches.hu\/en\/termek\/cartier-santos-masolat\/\">[current_product_image product_id=\"5044\"]<\/a><h3 class=\"wpgb-block-1\"><a href=\"https:\/\/exclusiveswisswatches.hu\/en\/termek\/cartier-santos-masolat\/\">Cartier Panther\u00e9 Small Model &#8211; 2024 &#8211; Complete set<\/a><\/h3><div class=\"wpgb-block-3\">&euro;5,000.00<\/div><\/div><\/div><\/div><\/div><\/article>\t\t<\/div>\n\t<\/div>\n\t<div class=\"wpgb-loader\">\n\t<div class=\"wpgb-loader-12\">\n\t\t<div><\/div><div><\/div><div><\/div><div><\/div><div><\/div><div><\/div><div><\/div><div><\/div>\t<\/div>\n<\/div>\n<\/div>\n<div class=\"wpgb-area wpgb-area-bottom-1\">\n\t<div class=\"wpgb-facet wpgb-loading wpgb-facet-5 wpgb-style-1\" data-facet=\"5\" data-grid=\"42\"><\/div><\/div>\n\t<\/div>\n\t\t<\/div>\n<\/div>\n\t\t\t\t<\/div>\n\t\t\t\t<\/div>\n\t\t\t\t\t<\/div>\n\t\t\t\t<\/div>\n\t\t\t\t<\/div>\n\t\t","protected":false},"excerpt":{"rendered":"<p>Exclusive swiss watches 1 tal\u00e1lhat\u00f3 Tok Anyaga Tok Anyaga Tok AnyagaTok AnyagaAc\u00e9l&nbsp;(1) Sz\u00e1mlap Sz\u00edne Sz\u00e1mlap Sz\u00edne Sz\u00e1mlap Sz\u00edneSz\u00e1mlap Sz\u00edneFeh\u00e9r K\u00e9k&nbsp;(1) Sz\u00edj Sz\u00edne Sz\u00edj Sz\u00edne Sz\u00edj Sz\u00edneSz\u00edj Sz\u00edneAc\u00e9l&nbsp;(1) Sz\u00edj Anyaga Sz\u00edj Anyaga Sz\u00edj AnyagaSz\u00edj AnyagaAc\u00e9l&nbsp;(1) [current_product_image product_id=&#8221;5043&#8243;] Cartier Panther\u00e9 Small Model N\u0151i \u00f3ra &#8211; 2025 &#8211; Teljes szett &euro;5,000.00<\/p>\n","protected":false},"author":2,"featured_media":0,"parent":0,"menu_order":0,"comment_status":"closed","ping_status":"closed","template":"","meta":{"footnotes":""},"class_list":["post-5364","page","type-page","status-publish","hentry"],"yoast_head":"<!-- This site is optimized with the Yoast SEO Premium plugin v27.4 (Yoast SEO v27.4) - https:\/\/yoast.com\/product\/yoast-seo-premium-wordpress\/ -->\n<title>Cartier - Exclusive Swiss Watches<\/title>\n<meta name=\"description\" content=\"Cartier - Exclusive Swiss Watches\" \/>\n<meta name=\"robots\" content=\"index, follow, max-snippet:-1, max-image-preview:large, max-video-preview:-1\" \/>\n<link rel=\"canonical\" href=\"https:\/\/exclusiveswisswatches.hu\/en\/cartier\/\" \/>\n<meta property=\"og:locale\" content=\"en_US\" \/>\n<meta property=\"og:type\" content=\"article\" \/>\n<meta property=\"og:title\" content=\"Cartier\" \/>\n<meta property=\"og:description\" content=\"Cartier - Exclusive Swiss Watches\" \/>\n<meta property=\"og:url\" content=\"https:\/\/exclusiveswisswatches.hu\/en\/cartier\/\" \/>\n<meta property=\"og:site_name\" content=\"Exclusive Swiss Watches\" \/>\n<meta property=\"article:publisher\" content=\"https:\/\/www.facebook.com\/exclusiveswisswatches\" \/>\n<meta property=\"article:modified_time\" content=\"2025-12-03T10:11:41+00:00\" \/>\n<meta property=\"og:image\" content=\"https:\/\/exclusiveswisswatches.hu\/wp-content\/uploads\/2023\/08\/All_1-masolat-scaled.webp\" \/>\n\t<meta property=\"og:image:width\" content=\"2560\" \/>\n\t<meta property=\"og:image:height\" content=\"1270\" \/>\n\t<meta property=\"og:image:type\" content=\"image\/webp\" \/>\n<meta name=\"twitter:card\" content=\"summary_large_image\" \/>\n<script type=\"application\/ld+json\" class=\"yoast-schema-graph\">{\"@context\":\"https:\\\/\\\/schema.org\",\"@graph\":[{\"@type\":\"WebPage\",\"@id\":\"https:\\\/\\\/exclusiveswisswatches.hu\\\/en\\\/cartier\\\/\",\"url\":\"https:\\\/\\\/exclusiveswisswatches.hu\\\/en\\\/cartier\\\/\",\"name\":\"Cartier - Exclusive Swiss Watches\",\"isPartOf\":{\"@id\":\"https:\\\/\\\/exclusiveswisswatches.hu\\\/en\\\/#website\"},\"datePublished\":\"2025-12-03T09:46:09+00:00\",\"dateModified\":\"2025-12-03T10:11:41+00:00\",\"description\":\"Cartier - Exclusive Swiss Watches\",\"breadcrumb\":{\"@id\":\"https:\\\/\\\/exclusiveswisswatches.hu\\\/en\\\/cartier\\\/#breadcrumb\"},\"inLanguage\":\"en-US\",\"potentialAction\":[{\"@type\":\"ReadAction\",\"target\":[\"https:\\\/\\\/exclusiveswisswatches.hu\\\/en\\\/cartier\\\/\"]}]},{\"@type\":\"BreadcrumbList\",\"@id\":\"https:\\\/\\\/exclusiveswisswatches.hu\\\/en\\\/cartier\\\/#breadcrumb\",\"itemListElement\":[{\"@type\":\"ListItem\",\"position\":1,\"name\":\"Kezd\u0151lap\",\"item\":\"https:\\\/\\\/exclusiveswisswatches.hu\\\/en\\\/home\\\/\"},{\"@type\":\"ListItem\",\"position\":2,\"name\":\"Cartier\"}]},{\"@type\":\"WebSite\",\"@id\":\"https:\\\/\\\/exclusiveswisswatches.hu\\\/en\\\/#website\",\"url\":\"https:\\\/\\\/exclusiveswisswatches.hu\\\/en\\\/\",\"name\":\"Exclusive Swiss Watches\",\"description\":\"Luxury watches\",\"publisher\":{\"@id\":\"https:\\\/\\\/exclusiveswisswatches.hu\\\/en\\\/#organization\"},\"potentialAction\":[{\"@type\":\"SearchAction\",\"target\":{\"@type\":\"EntryPoint\",\"urlTemplate\":\"https:\\\/\\\/exclusiveswisswatches.hu\\\/en\\\/?s={search_term_string}\"},\"query-input\":{\"@type\":\"PropertyValueSpecification\",\"valueRequired\":true,\"valueName\":\"search_term_string\"}}],\"inLanguage\":\"en-US\"},{\"@type\":\"Organization\",\"@id\":\"https:\\\/\\\/exclusiveswisswatches.hu\\\/en\\\/#organization\",\"name\":\"Exclusive Swiss Watches\",\"url\":\"https:\\\/\\\/exclusiveswisswatches.hu\\\/en\\\/\",\"logo\":{\"@type\":\"ImageObject\",\"inLanguage\":\"en-US\",\"@id\":\"https:\\\/\\\/exclusiveswisswatches.hu\\\/en\\\/#\\\/schema\\\/logo\\\/image\\\/\",\"url\":\"https:\\\/\\\/exclusiveswisswatches.hu\\\/wp-content\\\/uploads\\\/2023\\\/08\\\/Fav-Logo.webp\",\"contentUrl\":\"https:\\\/\\\/exclusiveswisswatches.hu\\\/wp-content\\\/uploads\\\/2023\\\/08\\\/Fav-Logo.webp\",\"width\":963,\"height\":942,\"caption\":\"Exclusive Swiss Watches\"},\"image\":{\"@id\":\"https:\\\/\\\/exclusiveswisswatches.hu\\\/en\\\/#\\\/schema\\\/logo\\\/image\\\/\"},\"sameAs\":[\"https:\\\/\\\/www.facebook.com\\\/exclusiveswisswatches\",\"https:\\\/\\\/www.instagram.com\\\/exclusiveswisswatches\\\/\"]}]}<\/script>\n<!-- \/ Yoast SEO Premium plugin. -->","yoast_head_json":{"title":"Cartier - Exclusive Swiss Watches","description":"Cartier - Exclusive Swiss Watches","robots":{"index":"index","follow":"follow","max-snippet":"max-snippet:-1","max-image-preview":"max-image-preview:large","max-video-preview":"max-video-preview:-1"},"canonical":"https:\/\/exclusiveswisswatches.hu\/en\/cartier\/","og_locale":"en_US","og_type":"article","og_title":"Cartier","og_description":"Cartier - Exclusive Swiss Watches","og_url":"https:\/\/exclusiveswisswatches.hu\/en\/cartier\/","og_site_name":"Exclusive Swiss Watches","article_publisher":"https:\/\/www.facebook.com\/exclusiveswisswatches","article_modified_time":"2025-12-03T10:11:41+00:00","og_image":[{"width":2560,"height":1270,"url":"https:\/\/exclusiveswisswatches.hu\/wp-content\/uploads\/2023\/08\/All_1-masolat-scaled.webp","type":"image\/webp"}],"twitter_card":"summary_large_image","schema":{"@context":"https:\/\/schema.org","@graph":[{"@type":"WebPage","@id":"https:\/\/exclusiveswisswatches.hu\/en\/cartier\/","url":"https:\/\/exclusiveswisswatches.hu\/en\/cartier\/","name":"Cartier - Exclusive Swiss Watches","isPartOf":{"@id":"https:\/\/exclusiveswisswatches.hu\/en\/#website"},"datePublished":"2025-12-03T09:46:09+00:00","dateModified":"2025-12-03T10:11:41+00:00","description":"Cartier - Exclusive Swiss Watches","breadcrumb":{"@id":"https:\/\/exclusiveswisswatches.hu\/en\/cartier\/#breadcrumb"},"inLanguage":"en-US","potentialAction":[{"@type":"ReadAction","target":["https:\/\/exclusiveswisswatches.hu\/en\/cartier\/"]}]},{"@type":"BreadcrumbList","@id":"https:\/\/exclusiveswisswatches.hu\/en\/cartier\/#breadcrumb","itemListElement":[{"@type":"ListItem","position":1,"name":"Kezd\u0151lap","item":"https:\/\/exclusiveswisswatches.hu\/en\/home\/"},{"@type":"ListItem","position":2,"name":"Cartier"}]},{"@type":"WebSite","@id":"https:\/\/exclusiveswisswatches.hu\/en\/#website","url":"https:\/\/exclusiveswisswatches.hu\/en\/","name":"Exclusive Swiss Watches","description":"Luxury watches","publisher":{"@id":"https:\/\/exclusiveswisswatches.hu\/en\/#organization"},"potentialAction":[{"@type":"SearchAction","target":{"@type":"EntryPoint","urlTemplate":"https:\/\/exclusiveswisswatches.hu\/en\/?s={search_term_string}"},"query-input":{"@type":"PropertyValueSpecification","valueRequired":true,"valueName":"search_term_string"}}],"inLanguage":"en-US"},{"@type":"Organization","@id":"https:\/\/exclusiveswisswatches.hu\/en\/#organization","name":"Exclusive Swiss Watches","url":"https:\/\/exclusiveswisswatches.hu\/en\/","logo":{"@type":"ImageObject","inLanguage":"en-US","@id":"https:\/\/exclusiveswisswatches.hu\/en\/#\/schema\/logo\/image\/","url":"https:\/\/exclusiveswisswatches.hu\/wp-content\/uploads\/2023\/08\/Fav-Logo.webp","contentUrl":"https:\/\/exclusiveswisswatches.hu\/wp-content\/uploads\/2023\/08\/Fav-Logo.webp","width":963,"height":942,"caption":"Exclusive Swiss Watches"},"image":{"@id":"https:\/\/exclusiveswisswatches.hu\/en\/#\/schema\/logo\/image\/"},"sameAs":["https:\/\/www.facebook.com\/exclusiveswisswatches","https:\/\/www.instagram.com\/exclusiveswisswatches\/"]}]}},"_links":{"self":[{"href":"https:\/\/exclusiveswisswatches.hu\/en\/wp-json\/wp\/v2\/pages\/5364","targetHints":{"allow":["GET"]}}],"collection":[{"href":"https:\/\/exclusiveswisswatches.hu\/en\/wp-json\/wp\/v2\/pages"}],"about":[{"href":"https:\/\/exclusiveswisswatches.hu\/en\/wp-json\/wp\/v2\/types\/page"}],"author":[{"embeddable":true,"href":"https:\/\/exclusiveswisswatches.hu\/en\/wp-json\/wp\/v2\/users\/2"}],"replies":[{"embeddable":true,"href":"https:\/\/exclusiveswisswatches.hu\/en\/wp-json\/wp\/v2\/comments?post=5364"}],"version-history":[{"count":2,"href":"https:\/\/exclusiveswisswatches.hu\/en\/wp-json\/wp\/v2\/pages\/5364\/revisions"}],"predecessor-version":[{"id":5366,"href":"https:\/\/exclusiveswisswatches.hu\/en\/wp-json\/wp\/v2\/pages\/5364\/revisions\/5366"}],"wp:attachment":[{"href":"https:\/\/exclusiveswisswatches.hu\/en\/wp-json\/wp\/v2\/media?parent=5364"}],"curies":[{"name":"wp","href":"https:\/\/api.w.org\/{rel}","templated":true}]}}